{"id":315,"date":"2026-01-14T18:42:31","date_gmt":"2026-01-14T18:42:31","guid":{"rendered":"https:\/\/despiertosproducciones.com\/?page_id=315"},"modified":"2026-01-19T09:19:38","modified_gmt":"2026-01-19T09:19:38","slug":"a-la-fresca","status":"publish","type":"page","link":"https:\/\/despiertosproducciones.com\/index.php\/a-la-fresca\/","title":{"rendered":"A la fresca"},"content":{"rendered":"\t\t<div data-elementor-type=\"wp-page\" data-elementor-id=\"315\" class=\"elementor elementor-315\" data-elementor-post-type=\"page\">\n\t\t\t\t<div class=\"elementor-element elementor-element-469e0f54 e-flex e-con-boxed e-con e-parent\" data-id=\"469e0f54\" data-element_type=\"container\" data-e-type=\"container\" data-settings=\"{&quot;background_background&quot;:&quot;classic&quot;}\">\n\t\t\t\t\t<div class=\"e-con-inner\">\n\t\t\t\t<div class=\"elementor-element elementor-element-2c12e6b8 elementor-widget elementor-widget-image\" data-id=\"2c12e6b8\" data-element_type=\"widget\" data-e-type=\"widget\" data-widget_type=\"image.default\">\n\t\t\t\t\t\t\t\t\t\t\t\t\t\t\t<img fetchpriority=\"high\" decoding=\"async\" width=\"716\" height=\"1024\" src=\"https:\/\/despiertosproducciones.com\/wp-content\/uploads\/2026\/01\/CARTEL-A-LA-FRESCA-716x1024.webp\" class=\"attachment-large size-large wp-image-653\" alt=\"\" srcset=\"https:\/\/despiertosproducciones.com\/wp-content\/uploads\/2026\/01\/CARTEL-A-LA-FRESCA-716x1024.webp 716w, https:\/\/despiertosproducciones.com\/wp-content\/uploads\/2026\/01\/CARTEL-A-LA-FRESCA-210x300.webp 210w, https:\/\/despiertosproducciones.com\/wp-content\/uploads\/2026\/01\/CARTEL-A-LA-FRESCA-768x1098.webp 768w, https:\/\/despiertosproducciones.com\/wp-content\/uploads\/2026\/01\/CARTEL-A-LA-FRESCA.webp 990w\" sizes=\"(max-width: 716px) 100vw, 716px\" \/>\t\t\t\t\t\t\t\t\t\t\t\t\t\t\t<\/div>\n\t\t\t\t\t<\/div>\n\t\t\t\t<\/div>\n\t\t<div class=\"elementor-element elementor-element-1d84c746 e-flex e-con-boxed e-con e-parent\" data-id=\"1d84c746\" data-element_type=\"container\" data-e-type=\"container\" data-settings=\"{&quot;background_background&quot;:&quot;classic&quot;}\">\n\t\t\t\t\t<div class=\"e-con-inner\">\n\t\t\t\t<div class=\"elementor-element elementor-element-cb1513a elementor-widget elementor-widget-heading\" data-id=\"cb1513a\" data-element_type=\"widget\" data-e-type=\"widget\" data-widget_type=\"heading.default\">\n\t\t\t\t\t<h5 class=\"elementor-heading-title elementor-size-default\">sinopsis<\/h5>\t\t\t\t<\/div>\n\t\t\t\t<div class=\"elementor-element elementor-element-1300510 elementor-widget elementor-widget-text-editor\" data-id=\"1300510\" data-element_type=\"widget\" data-e-type=\"widget\" data-widget_type=\"text-editor.default\">\n\t\t\t\t\t\t\t\t\t<p>En una casa ideal e id\u00edlica, corrompida por la inevitable pr\u00e1ctica humana y familiar , tres personajes se conocen al margen del mundo gracias a las virtudes de sentarse al fresco.<\/p><p>A la fresca es un (d)espacio para dignificar el reposo, para ensalzar algo tan elemental como el parar, el desconectar de las l\u00f3gicas del mundo y los sujetos triunfantes y generar un oasis donde la imaginaci\u00f3n se expanda.<\/p><p>En todos lares y culturas se practica, a su manera, esto del estar a la fresca. A toda persona le resuena esta circunstancia c\u00f3smica. Toda alma se sonr\u00ede al pensar en ello. Es un espacio de evocaci\u00f3n por antonomasia, un tesoro antiguo sin historia que queremos revisitar conscientemente, homenajearlo, con nuestra fr\u00e1gil condici\u00f3n actual. A\u00fan esperanzada. Siempre.<\/p>\t\t\t\t\t\t\t\t<\/div>\n\t\t\t\t\t<\/div>\n\t\t\t\t<\/div>\n\t\t<div class=\"elementor-element elementor-element-cbb48dd e-flex e-con-boxed e-con e-parent\" data-id=\"cbb48dd\" data-element_type=\"container\" data-e-type=\"container\" data-settings=\"{&quot;background_background&quot;:&quot;classic&quot;}\">\n\t\t\t\t\t<div class=\"e-con-inner\">\n\t\t\t\t<div class=\"elementor-element elementor-element-839e93b elementor-widget elementor-widget-heading\" data-id=\"839e93b\" data-element_type=\"widget\" data-e-type=\"widget\" data-widget_type=\"heading.default\">\n\t\t\t\t\t<h2 class=\"elementor-heading-title elementor-size-default\">notas del autor<\/h2>\t\t\t\t<\/div>\n\t\t\t\t<div class=\"elementor-element elementor-element-0a1e068 elementor-widget elementor-widget-text-editor\" data-id=\"0a1e068\" data-element_type=\"widget\" data-e-type=\"widget\" data-widget_type=\"text-editor.default\">\n\t\t\t\t\t\t\t\t\t<p>A la fresca se propone enaltecer las paradas en el camino, las suspensiones de cualquier prop\u00f3sito, la amplitud del error.<\/p>\n<p>Esto del salir al fresco en los atardeceres de verano, a decir casi nada, a comentar casi todo, se practica en todas latitudes, a su manera. A toda persona le resuena esta circunstancia c\u00f3smica. Toda alma se sonr\u00ede al pensar en ello. Es un espacio de evocaci\u00f3n por antonomasia, un tesoro antiguo, sin historia, que nos disponemos a revisitar conscientemente con nuestra fr\u00e1gil condici\u00f3n actual. A\u00fan esperanzada. Siempre.<\/p>\n<p>Nada resulta m\u00e1s obvio en el siglo XXI que el hecho de que estamos ocupados, que necesitamos estarlo y que es la \u00fanica y \u00faltima justificaci\u00f3n y sentido que le hemos dado a la existencia contempor\u00e1nea.<\/p>\n<p>Otra vez casi nada para decir casi algo, generar un espacio para el Reposo, dignificarlo. Dar alimento tranquilo, celebrar la renuncia y el sacrificio, la deslumbrante asunci\u00f3n del frenar: aceptar que no queremos, en realidad, mucho para vivir. Y hacerlo hoy en d\u00eda es m\u00e1s que nunca una reivindicaci\u00f3n, un acto de desmedida generosidad.<\/p>\n<p>Poner mientes en lo dicho y lo escuchado, cuidar las resonancias&#8230; a rezar s\u00f3lo se aprende rezando: de nada sirve hablar del amor si no estamos en el amor. Volver a charlar con la sospecha de un anfiteatro mayor, una instancia m\u00e1s alta.<\/p>\n<p>Mover im\u00e1genes, desbloquear ideas: escribir en la pizarra del aire los gestos del pensamiento y la enso\u00f1aci\u00f3n. Salir de pesca por aquel oc\u00e9ano salvaje en medio de cualquier conversaci\u00f3n. No disimular la b\u00fasqueda, compartirla. Retozar en la suspensi\u00f3n. Regodearse en el horizonte de incertidumbre.<\/p>\n<p>Trabajemos a vista, a cuerpo limpio, porque el misterio ya est\u00e1 aqu\u00ed, nada que inventar. S\u00f3lo callar a tiempo, admirar y escuchar bien las se\u00f1ales que nos circundan. En palabras de Bachelard: un \u00e1lbum de cosmovisiones. Vuela el p\u00e1jaro, la serpiente repta, nada el pez y el ser humano&#8230; conversa. \u00c9se es el atributo del eterno forastero de s\u00ed mismo.<\/p>\n<p>Salir al fresco; la hora f\u00e9rtil, la despreocupada mediaci\u00f3n entre mundos. La hora intermedia expandida. Sin mundo: Escenario.<\/p>\n<p><b><br><\/b><\/p><p><b>Pablo Rosal<\/b><\/p>\t\t\t\t\t\t\t\t<\/div>\n\t\t\t\t\t<\/div>\n\t\t\t\t<\/div>\n\t\t<div class=\"elementor-element elementor-element-cd657cb e-flex e-con-boxed e-con e-parent\" data-id=\"cd657cb\" data-element_type=\"container\" data-e-type=\"container\" data-settings=\"{&quot;background_background&quot;:&quot;classic&quot;}\">\n\t\t\t\t\t<div class=\"e-con-inner\">\n\t\t\t\t<div class=\"elementor-element elementor-element-96d9a61 elementor-widget elementor-widget-heading\" data-id=\"96d9a61\" data-element_type=\"widget\" data-e-type=\"widget\" data-widget_type=\"heading.default\">\n\t\t\t\t\t<h2 class=\"elementor-heading-title elementor-size-default\">ficha art\u00edstica<\/h2>\t\t\t\t<\/div>\n\t\t\t\t<div class=\"elementor-element elementor-element-5c95fa0 elementor-widget elementor-widget-text-editor\" data-id=\"5c95fa0\" data-element_type=\"widget\" data-e-type=\"widget\" data-widget_type=\"text-editor.default\">\n\t\t\t\t\t\t\t\t\t<p><b>T\u00edtulo:<\/b> A la Fresca.<br \/><b>Autor original &amp; Director:<\/b> Pablo Rosal.<br \/><b>Reparto:<\/b> Alberto Berzal. Israel Fr\u00edas. Luis Rallo.<br \/><b>Dise\u00f1o Espacio &amp; Iluminaci\u00f3n:<\/b> Javier Ruiz de Alegr\u00eda.<br \/><b>Espacio sonoro:<\/b> Arsenio Fern\u00e1ndez.<br \/><b>Dise\u00f1o vestuario:<\/b> Felisa Kosse.<br \/><b>Ambientaci\u00f3n y tinte vestuario:<\/b> Taller Mar\u00eda Calder\u00f3n.<br \/><b>Figurines:<\/b> SaraH Free.<br \/><b>Dise\u00f1o gr\u00e1fico:<\/b> Jarorio.<br \/><b>Fot\u00f3grafo:<\/b> Paco Ure\u00f1a.<br \/><b>Prensa:<\/b> Paloma Fidalgo.<br \/><b>Coordinaci\u00f3n t\u00e9cnica:<\/b> Leticia Karamazana. <br \/><b>Gesti\u00f3n de producci\u00f3n:<\/b> Eslinga.<br \/><b>Producci\u00f3n: <\/b>Los Despiertos Producciones.<br \/><b>Distribuci\u00f3n :<\/b> Caterina Mu\u00f1oz Luce\u00f1o. caterina@caterinaproducciones.com<br \/><b>Modalidad:<\/b> F\u00e1bula . Comedia po\u00e9tica.<br \/><b>Duraci\u00f3n:<\/b> 90 minutos.<br \/><br \/><\/p>\t\t\t\t\t\t\t\t<\/div>\n\t\t\t\t<div class=\"elementor-element elementor-element-0ddfd43 elementor-align-left elementor-widget elementor-widget-button\" data-id=\"0ddfd43\" data-element_type=\"widget\" data-e-type=\"widget\" data-widget_type=\"button.default\">\n\t\t\t\t\t\t\t\t\t\t<a class=\"elementor-button elementor-button-link elementor-size-sm\" href=\"http:\/\/despiertosproducciones.com\/wp-content\/uploads\/2026\/01\/DOSSIER-A-LA-FRESCA.pdf\">\n\t\t\t\t\t\t<span class=\"elementor-button-content-wrapper\">\n\t\t\t\t\t\t<span class=\"elementor-button-icon\">\n\t\t\t\t<svg aria-hidden=\"true\" class=\"e-font-icon-svg e-fas-file-download\" viewBox=\"0 0 384 512\" xmlns=\"http:\/\/www.w3.org\/2000\/svg\"><path d=\"M224 136V0H24C10.7 0 0 10.7 0 24v464c0 13.3 10.7 24 24 24h336c13.3 0 24-10.7 24-24V160H248c-13.2 0-24-10.8-24-24zm76.45 211.36l-96.42 95.7c-6.65 6.61-17.39 6.61-24.04 0l-96.42-95.7C73.42 337.29 80.54 320 94.82 320H160v-80c0-8.84 7.16-16 16-16h32c8.84 0 16 7.16 16 16v80h65.18c14.28 0 21.4 17.29 11.27 27.36zM377 105L279.1 7c-4.5-4.5-10.6-7-17-7H256v128h128v-6.1c0-6.3-2.5-12.4-7-16.9z\"><\/path><\/svg>\t\t\t<\/span>\n\t\t\t\t\t\t\t\t\t<span class=\"elementor-button-text\">dossier<\/span>\n\t\t\t\t\t<\/span>\n\t\t\t\t\t<\/a>\n\t\t\t\t\t\t\t\t<\/div>\n\t\t\t\t\t<\/div>\n\t\t\t\t<\/div>\n\t\t<div class=\"elementor-element elementor-element-52f1b26 e-flex e-con-boxed e-con e-parent\" data-id=\"52f1b26\" data-element_type=\"container\" data-e-type=\"container\" data-settings=\"{&quot;background_background&quot;:&quot;classic&quot;}\">\n\t\t\t\t\t<div class=\"e-con-inner\">\n\t\t\t\t<div class=\"elementor-element elementor-element-c210ccb elementor-widget elementor-widget-heading\" data-id=\"c210ccb\" data-element_type=\"widget\" data-e-type=\"widget\" data-widget_type=\"heading.default\">\n\t\t\t\t\t<h2 class=\"elementor-heading-title elementor-size-default\">galer\u00eda<\/h2>\t\t\t\t<\/div>\n\t\t\t\t<div class=\"elementor-element elementor-element-be35647 elementor-widget elementor-widget-gallery\" data-id=\"be35647\" data-element_type=\"widget\" data-e-type=\"widget\" data-settings=\"{&quot;lazyload&quot;:&quot;yes&quot;,&quot;gallery_layout&quot;:&quot;grid&quot;,&quot;columns&quot;:4,&quot;columns_tablet&quot;:2,&quot;columns_mobile&quot;:1,&quot;gap&quot;:{&quot;unit&quot;:&quot;px&quot;,&quot;size&quot;:10,&quot;sizes&quot;:[]},&quot;gap_tablet&quot;:{&quot;unit&quot;:&quot;px&quot;,&quot;size&quot;:10,&quot;sizes&quot;:[]},&quot;gap_mobile&quot;:{&quot;unit&quot;:&quot;px&quot;,&quot;size&quot;:10,&quot;sizes&quot;:[]},&quot;link_to&quot;:&quot;file&quot;,&quot;aspect_ratio&quot;:&quot;3:2&quot;,&quot;overlay_background&quot;:&quot;yes&quot;,&quot;content_hover_animation&quot;:&quot;fade-in&quot;}\" data-widget_type=\"gallery.default\">\n\t\t\t\t\t\t\t<div class=\"elementor-gallery__container\">\n\t\t\t\t\t\t\t<a class=\"e-gallery-item elementor-gallery-item elementor-animated-content\" href=\"https:\/\/despiertosproducciones.com\/wp-content\/uploads\/2026\/01\/A-LA-FRESCA-PABLO-ROSAL-ISRAEL-FRIAS-LOS-DESPIERTOS-COMPANIA-TEATRO-scaled.jpg\" data-elementor-open-lightbox=\"yes\" data-elementor-lightbox-slideshow=\"be35647\" data-elementor-lightbox-title=\"A LA FRESCA PABLO ROSAL ISRAEL FRIAS LOS DESPIERTOS COMPAN\u0303IA TEATRO\" data-e-action-hash=\"#elementor-action%3Aaction%3Dlightbox%26settings%3DeyJpZCI6MzIxLCJ1cmwiOiJodHRwczpcL1wvZGVzcGllcnRvc3Byb2R1Y2Npb25lcy5jb21cL3dwLWNvbnRlbnRcL3VwbG9hZHNcLzIwMjZcLzAxXC9BLUxBLUZSRVNDQS1QQUJMTy1ST1NBTC1JU1JBRUwtRlJJQVMtTE9TLURFU1BJRVJUT1MtQ09NUEFOSUEtVEVBVFJPLXNjYWxlZC5qcGciLCJzbGlkZXNob3ciOiJiZTM1NjQ3In0%3D\">\n\t\t\t\t\t<div class=\"e-gallery-image elementor-gallery-item__image\" data-thumbnail=\"https:\/\/despiertosproducciones.com\/wp-content\/uploads\/2026\/01\/A-LA-FRESCA-PABLO-ROSAL-ISRAEL-FRIAS-LOS-DESPIERTOS-COMPANIA-TEATRO-768x1218.jpg\" data-width=\"768\" data-height=\"1218\" aria-label=\"\" role=\"img\" ><\/div>\n\t\t\t\t\t\t\t\t\t\t\t<div class=\"elementor-gallery-item__overlay\"><\/div>\n\t\t\t\t\t\t\t\t\t\t\t\t\t\t<\/a>\n\t\t\t\t\t\t\t<a class=\"e-gallery-item elementor-gallery-item elementor-animated-content\" href=\"https:\/\/despiertosproducciones.com\/wp-content\/uploads\/2026\/01\/A-LA-FRESCA-PABLO-ROSAL-LOS-DESPIERTOS-COMPANIA-TEATRO-1-scaled.jpg\" data-elementor-open-lightbox=\"yes\" data-elementor-lightbox-slideshow=\"be35647\" data-elementor-lightbox-title=\"A LA FRESCA PABLO ROSAL LOS DESPIERTOS COMPAN\u0303IA TEATRO 1\" data-e-action-hash=\"#elementor-action%3Aaction%3Dlightbox%26settings%3DeyJpZCI6MzIyLCJ1cmwiOiJodHRwczpcL1wvZGVzcGllcnRvc3Byb2R1Y2Npb25lcy5jb21cL3dwLWNvbnRlbnRcL3VwbG9hZHNcLzIwMjZcLzAxXC9BLUxBLUZSRVNDQS1QQUJMTy1ST1NBTC1MT1MtREVTUElFUlRPUy1DT01QQU5JQS1URUFUUk8tMS1zY2FsZWQuanBnIiwic2xpZGVzaG93IjoiYmUzNTY0NyJ9\">\n\t\t\t\t\t<div class=\"e-gallery-image elementor-gallery-item__image\" data-thumbnail=\"https:\/\/despiertosproducciones.com\/wp-content\/uploads\/2026\/01\/A-LA-FRESCA-PABLO-ROSAL-LOS-DESPIERTOS-COMPANIA-TEATRO-1-768x488.jpg\" data-width=\"768\" data-height=\"488\" aria-label=\"\" role=\"img\" ><\/div>\n\t\t\t\t\t\t\t\t\t\t\t<div class=\"elementor-gallery-item__overlay\"><\/div>\n\t\t\t\t\t\t\t\t\t\t\t\t\t\t<\/a>\n\t\t\t\t\t\t\t<a class=\"e-gallery-item elementor-gallery-item elementor-animated-content\" href=\"https:\/\/despiertosproducciones.com\/wp-content\/uploads\/2026\/01\/A-LA-FRESCA-PABLO-ROSAL-LUIS-RALLO-LOS-DESPIERTOS-COMPANIA-TEATRO.jpg\" data-elementor-open-lightbox=\"yes\" data-elementor-lightbox-slideshow=\"be35647\" data-elementor-lightbox-title=\"A LA FRESCA PABLO ROSAL LUIS RALLO LOS DESPIERTOS COMPAN\u0303IA TEATRO\" data-e-action-hash=\"#elementor-action%3Aaction%3Dlightbox%26settings%3DeyJpZCI6MzI0LCJ1cmwiOiJodHRwczpcL1wvZGVzcGllcnRvc3Byb2R1Y2Npb25lcy5jb21cL3dwLWNvbnRlbnRcL3VwbG9hZHNcLzIwMjZcLzAxXC9BLUxBLUZSRVNDQS1QQUJMTy1ST1NBTC1MVUlTLVJBTExPLUxPUy1ERVNQSUVSVE9TLUNPTVBBTklBLVRFQVRSTy5qcGciLCJzbGlkZXNob3ciOiJiZTM1NjQ3In0%3D\">\n\t\t\t\t\t<div class=\"e-gallery-image elementor-gallery-item__image\" data-thumbnail=\"https:\/\/despiertosproducciones.com\/wp-content\/uploads\/2026\/01\/A-LA-FRESCA-PABLO-ROSAL-LUIS-RALLO-LOS-DESPIERTOS-COMPANIA-TEATRO-768x494.jpg\" data-width=\"768\" data-height=\"494\" aria-label=\"\" role=\"img\" ><\/div>\n\t\t\t\t\t\t\t\t\t\t\t<div class=\"elementor-gallery-item__overlay\"><\/div>\n\t\t\t\t\t\t\t\t\t\t\t\t\t\t<\/a>\n\t\t\t\t\t\t\t<a class=\"e-gallery-item elementor-gallery-item elementor-animated-content\" href=\"https:\/\/despiertosproducciones.com\/wp-content\/uploads\/2026\/01\/A-LA-FRESCA-PABLO-ROSAL-ALBEDRTO-BERZAL-LOS-DESPIERTOS-COMPANIA-TEATRO.jpg\" data-elementor-open-lightbox=\"yes\" data-elementor-lightbox-slideshow=\"be35647\" data-elementor-lightbox-title=\"A LA FRESCA PABLO ROSAL ALBEDRTO BERZAL LOS DESPIERTOS COMPAN\u0303IA TEATRO\" data-e-action-hash=\"#elementor-action%3Aaction%3Dlightbox%26settings%3DeyJpZCI6MzIwLCJ1cmwiOiJodHRwczpcL1wvZGVzcGllcnRvc3Byb2R1Y2Npb25lcy5jb21cL3dwLWNvbnRlbnRcL3VwbG9hZHNcLzIwMjZcLzAxXC9BLUxBLUZSRVNDQS1QQUJMTy1ST1NBTC1BTEJFRFJUTy1CRVJaQUwtTE9TLURFU1BJRVJUT1MtQ09NUEFOSUEtVEVBVFJPLmpwZyIsInNsaWRlc2hvdyI6ImJlMzU2NDcifQ%3D%3D\">\n\t\t\t\t\t<div class=\"e-gallery-image elementor-gallery-item__image\" data-thumbnail=\"https:\/\/despiertosproducciones.com\/wp-content\/uploads\/2026\/01\/A-LA-FRESCA-PABLO-ROSAL-ALBEDRTO-BERZAL-LOS-DESPIERTOS-COMPANIA-TEATRO-768x512.jpg\" data-width=\"768\" data-height=\"512\" aria-label=\"\" role=\"img\" ><\/div>\n\t\t\t\t\t\t\t\t\t\t\t<div class=\"elementor-gallery-item__overlay\"><\/div>\n\t\t\t\t\t\t\t\t\t\t\t\t\t\t<\/a>\n\t\t\t\t\t\t\t<a class=\"e-gallery-item elementor-gallery-item elementor-animated-content\" href=\"https:\/\/despiertosproducciones.com\/wp-content\/uploads\/2026\/01\/A-LA-FRESCA-PABLO-ROSAL-LOS-DESPIERTOS-COMPANIA-TEATRO-scaled.jpg\" data-elementor-open-lightbox=\"yes\" data-elementor-lightbox-slideshow=\"be35647\" data-elementor-lightbox-title=\"A LA FRESCA PABLO ROSAL LOS DESPIERTOS COMPAN\u0303IA TEATRO\" data-e-action-hash=\"#elementor-action%3Aaction%3Dlightbox%26settings%3DeyJpZCI6MzIzLCJ1cmwiOiJodHRwczpcL1wvZGVzcGllcnRvc3Byb2R1Y2Npb25lcy5jb21cL3dwLWNvbnRlbnRcL3VwbG9hZHNcLzIwMjZcLzAxXC9BLUxBLUZSRVNDQS1QQUJMTy1ST1NBTC1MT1MtREVTUElFUlRPUy1DT01QQU5JQS1URUFUUk8tc2NhbGVkLmpwZyIsInNsaWRlc2hvdyI6ImJlMzU2NDcifQ%3D%3D\">\n\t\t\t\t\t<div class=\"e-gallery-image elementor-gallery-item__image\" data-thumbnail=\"https:\/\/despiertosproducciones.com\/wp-content\/uploads\/2026\/01\/A-LA-FRESCA-PABLO-ROSAL-LOS-DESPIERTOS-COMPANIA-TEATRO-768x512.jpg\" data-width=\"768\" data-height=\"512\" aria-label=\"\" role=\"img\" ><\/div>\n\t\t\t\t\t\t\t\t\t\t\t<div class=\"elementor-gallery-item__overlay\"><\/div>\n\t\t\t\t\t\t\t\t\t\t\t\t\t\t<\/a>\n\t\t\t\t\t<\/div>\n\t\t\t\t\t<\/div>\n\t\t\t\t\t<\/div>\n\t\t\t\t<\/div>\n\t\t<div class=\"elementor-element elementor-element-a1e54bd e-flex e-con-boxed e-con e-parent\" data-id=\"a1e54bd\" data-element_type=\"container\" data-e-type=\"container\" data-settings=\"{&quot;background_background&quot;:&quot;classic&quot;}\">\n\t\t\t\t\t<div class=\"e-con-inner\">\n\t\t\t\t\t<\/div>\n\t\t\t\t<\/div>\n\t\t\t\t<\/div>\n\t\t","protected":false},"excerpt":{"rendered":"<p>sinopsis En una casa ideal e id\u00edlica, corrompida por la inevitable pr\u00e1ctica humana y familiar , tres personajes se conocen al margen del mundo gracias a las virtudes de sentarse al fresco. A la fresca es un (d)espacio para dignificar el reposo, para ensalzar algo tan elemental como el parar, el desconectar de las l\u00f3gicas [&hellip;]<\/p>\n","protected":false},"author":1,"featured_media":0,"parent":0,"menu_order":0,"comment_status":"closed","ping_status":"closed","template":"elementor_header_footer","meta":{"footnotes":""},"class_list":["post-315","page","type-page","status-publish","hentry"],"_links":{"self":[{"href":"https:\/\/despiertosproducciones.com\/index.php\/wp-json\/wp\/v2\/pages\/315","targetHints":{"allow":["GET"]}}],"collection":[{"href":"https:\/\/despiertosproducciones.com\/index.php\/wp-json\/wp\/v2\/pages"}],"about":[{"href":"https:\/\/despiertosproducciones.com\/index.php\/wp-json\/wp\/v2\/types\/page"}],"author":[{"embeddable":true,"href":"https:\/\/despiertosproducciones.com\/index.php\/wp-json\/wp\/v2\/users\/1"}],"replies":[{"embeddable":true,"href":"https:\/\/despiertosproducciones.com\/index.php\/wp-json\/wp\/v2\/comments?post=315"}],"version-history":[{"count":28,"href":"https:\/\/despiertosproducciones.com\/index.php\/wp-json\/wp\/v2\/pages\/315\/revisions"}],"predecessor-version":[{"id":656,"href":"https:\/\/despiertosproducciones.com\/index.php\/wp-json\/wp\/v2\/pages\/315\/revisions\/656"}],"wp:attachment":[{"href":"https:\/\/despiertosproducciones.com\/index.php\/wp-json\/wp\/v2\/media?parent=315"}],"curies":[{"name":"wp","href":"https:\/\/api.w.org\/{rel}","templated":true}]}}