{"id":401,"date":"2026-01-15T19:21:25","date_gmt":"2026-01-15T19:21:25","guid":{"rendered":"https:\/\/despiertosproducciones.com\/?page_id=401"},"modified":"2026-02-15T12:53:27","modified_gmt":"2026-02-15T12:53:27","slug":"alberto-berzal","status":"publish","type":"page","link":"https:\/\/despiertosproducciones.com\/index.php\/alberto-berzal\/","title":{"rendered":"Alberto Berzal"},"content":{"rendered":"\t\t<div data-elementor-type=\"wp-page\" data-elementor-id=\"401\" class=\"elementor elementor-401\" data-elementor-post-type=\"page\">\n\t\t\t\t<div class=\"elementor-element elementor-element-2e8d2b5 e-flex e-con-boxed e-con e-parent\" data-id=\"2e8d2b5\" data-element_type=\"container\" data-e-type=\"container\">\n\t\t\t\t\t<div class=\"e-con-inner\">\n\t\t\t\t<div class=\"elementor-element elementor-element-b3db23a elementor-widget elementor-widget-image\" data-id=\"b3db23a\" data-element_type=\"widget\" data-e-type=\"widget\" data-widget_type=\"image.default\">\n\t\t\t\t\t\t\t\t\t\t\t\t\t\t\t<img fetchpriority=\"high\" decoding=\"async\" width=\"214\" height=\"300\" src=\"https:\/\/despiertosproducciones.com\/wp-content\/uploads\/2026\/02\/Alberto-Berzal-Retrato-214x300.jpg\" class=\"attachment-medium size-medium wp-image-729\" alt=\"\" srcset=\"https:\/\/despiertosproducciones.com\/wp-content\/uploads\/2026\/02\/Alberto-Berzal-Retrato-214x300.jpg 214w, https:\/\/despiertosproducciones.com\/wp-content\/uploads\/2026\/02\/Alberto-Berzal-Retrato.jpg 378w\" sizes=\"(max-width: 214px) 100vw, 214px\" \/>\t\t\t\t\t\t\t\t\t\t\t\t\t\t\t<\/div>\n\t\t\t\t\t<\/div>\n\t\t\t\t<\/div>\n\t\t<div class=\"elementor-element elementor-element-b9a9ba9 e-flex e-con-boxed e-con e-parent\" data-id=\"b9a9ba9\" data-element_type=\"container\" data-e-type=\"container\">\n\t\t\t\t\t<div class=\"e-con-inner\">\n\t\t\t\t<div class=\"elementor-element elementor-element-f38a165 elementor-widget elementor-widget-heading\" data-id=\"f38a165\" data-element_type=\"widget\" data-e-type=\"widget\" data-widget_type=\"heading.default\">\n\t\t\t\t\t<h2 class=\"elementor-heading-title elementor-size-default\">alberto berzal<\/h2>\t\t\t\t<\/div>\n\t\t\t\t\t<\/div>\n\t\t\t\t<\/div>\n\t\t<div class=\"elementor-element elementor-element-8819741 e-flex e-con-boxed e-con e-parent\" data-id=\"8819741\" data-element_type=\"container\" data-e-type=\"container\">\n\t\t\t\t\t<div class=\"e-con-inner\">\n\t\t\t\t<div class=\"elementor-element elementor-element-e7e2c20 elementor-widget elementor-widget-text-editor\" data-id=\"e7e2c20\" data-element_type=\"widget\" data-e-type=\"widget\" data-widget_type=\"text-editor.default\">\n\t\t\t\t\t\t\t\t\t<p><span style=\"font-weight: 400;\">Licenciado en Ciencias de la Informaci\u00f3n\u00a0 en <\/span><b>Louisiana State<\/b> <b>University<\/b><span style=\"font-weight: 400;\"> y proveniente del <\/span><b>Laboratorio William<\/b> <b>Layton<\/b><span style=\"font-weight: 400;\">, complementa su formaci\u00f3n en diversos talleres con Jos\u00e9 Carlos Plaza, Miguel Narros, Andr\u00e9s Lima, Will Keen o Mariano Barroso. En 1999 participa en la creaci\u00f3n de la <\/span><b>C\u00eda William Layton<\/b><span style=\"font-weight: 400;\"> donde participa\u00a0 ya bien como actor o en los equipos de direcci\u00f3n o producci\u00f3n en la creaci\u00f3n de distintos montajes como\u00a0 <\/span><b>La Naranja Mec\u00e1nica, Top Girls<\/b><span style=\"font-weight: 400;\"> o <\/span><b>La Historia del Zoo<\/b><span style=\"font-weight: 400;\">.<\/span><\/p><p><span style=\"font-weight: 400;\">Sus \u00faltimos trabajos participando como actor y productor son A<\/span><b> la fresca, Los Despiertos,<\/b> <b>1984<\/b><span style=\"font-weight: 400;\">, <\/span><b>True West, Las Ni\u00f1as No Deber\u00edan Jugar al F\u00fatbol, Los \u00daltimos D\u00edas de Judas Iscariote.<\/b><\/p><p><span style=\"font-weight: 400;\">Como traductor&amp;adaptador cuenta entre sus t\u00edtulos <\/span><b>True West, Estocolmo, Los \u00daltimos D\u00edas de Judas Iscariote, \u00bfEstamos Hablando de Sexo?, Una para el camino, El Bosque, Los Chicos de al Lado, Top Girls, La Historia del Zoo.\u00a0<\/b><\/p><p><span style=\"font-weight: 400;\">Sus trabajos m\u00e1s recientes en <\/span><b>Teatro<\/b><span style=\"font-weight: 400;\"> son <\/span><b>A la Fresca<\/b><span style=\"font-weight: 400;\">, <\/span><b>Los Despiertos, Divinas Palabras, 1984, Demonios, La Orestiada,<\/b> <b>Medea<\/b><span style=\"font-weight: 400;\">, estrenados en el Festival de Teatro Cl\u00e1sico de M\u00e8rida, as\u00ed como <\/span><b>H\u00e9cuba,True West,<\/b> <b>Electra <\/b><span style=\"font-weight: 400;\">o <\/span><b>Los<\/b> <b>\u00daltimos D\u00edas de Judas Iscariote <\/b><span style=\"font-weight: 400;\">representada<\/span> <span style=\"font-weight: 400;\">en las Naves del Matadero.\u00a0<\/span><\/p><p><span style=\"font-weight: 400;\">Con anterioridad trabaja en\u00a0 las siguientes obras: <\/span><b>Splendis\u00b4s, Hamlet, La Tempestad, Crimen y\u00a0 Castigo, Yo, Claudio , La Naranja Mec\u00e1nica, La Dama no es para la Hoguera, o El Avaro <\/b><span style=\"font-weight: 400;\">, con directores como <\/span><i><span style=\"font-weight: 400;\">Jos\u00e9 Carlos Plaza, Pablo Rosal, Jose Troncoso, Carlos Mart\u00ednez-Abarca, Ad\u00e1n Black, Lluis Pascual,<\/span><\/i> <i><span style=\"font-weight: 400;\">Miguel Narros<\/span><\/i><span style=\"font-weight: 400;\"> o <\/span><i><span style=\"font-weight: 400;\">Eduardo Fuentes <\/span><\/i><span style=\"font-weight: 400;\">y en teatros como\u00a0 el <\/span><i><span style=\"font-weight: 400;\">Espa\u00f1ol, Mar\u00eda Guerrero, Valle Incl\u00e1n, Matadero, Arriaga o Lope de Vega.<\/span><\/i><\/p><p><span style=\"font-weight: 400;\">En <\/span><b>Televisi\u00f3n <\/b><span style=\"font-weight: 400;\">destacan sus trabajos en series como <\/span><b>Detective<\/b> <b>Romi<\/b><span style=\"font-weight: 400;\">, <\/span><b>El Internado Las Cumbres, Ni una M\u00e1s, Madres, The Paradise, La Caza Monte Perdido, Gigantes 2, Victor Ros 2 ,Pulsaciones, Victor Ros,<\/b> <b>Isabel, La Fuga, La Muerte de Carrero Blanco, Homicidios, Hispania, Blancanieves, Cu\u00e9ntame, Cazadores de Hombres, \u00c1ngel o Demonio, Hospital Central, <\/b><span style=\"font-weight: 400;\">o<\/span><b> Balbemendi <\/b><span style=\"font-weight: 400;\">.<\/span><\/p><p><span style=\"font-weight: 400;\">En <\/span><b>Cine<\/b><span style=\"font-weight: 400;\"> ha trabajado en pel\u00edculas como <\/span><b>Campeonex 2.0 Vitoria 3 de Marzo, El Hijo del Acordeonista,<\/b> <b>Zorion Perfektua, Mugaldekoak,<\/b><span style=\"font-weight: 400;\"> o <\/span><b>Todos estamos Invitados.<\/b><\/p><p><span style=\"font-weight: 400;\">Premio <\/span><i><span style=\"font-weight: 400;\">Uni\u00f3n de Actores por su trabajo en <\/span><\/i><b><i>Los \u00faltimos d\u00edas de Judas Iscariote <\/i><\/b><i><span style=\"font-weight: 400;\">y <\/span><\/i><span style=\"font-weight: 400;\">nominado\u00a0 en cuatro ocasiones por<\/span><b> Los Despiertos, <\/b><b><i>Divinas Palabras, 1984 <\/i><\/b><i><span style=\"font-weight: 400;\">y <\/span><\/i><b><i>Yo, Claudio.<\/i><\/b><\/p>\t\t\t\t\t\t\t\t<\/div>\n\t\t\t\t\t<\/div>\n\t\t\t\t<\/div>\n\t\t<div class=\"elementor-element elementor-element-3ecf00c e-flex e-con-boxed e-con e-parent\" data-id=\"3ecf00c\" data-element_type=\"container\" data-e-type=\"container\">\n\t\t\t\t\t<div class=\"e-con-inner\">\n\t\t\t\t<div class=\"elementor-element elementor-element-843c052 elementor-shape-rounded elementor-grid-0 e-grid-align-center elementor-widget elementor-widget-social-icons\" data-id=\"843c052\" data-element_type=\"widget\" data-e-type=\"widget\" data-widget_type=\"social-icons.default\">\n\t\t\t\t\t\t\t<div class=\"elementor-social-icons-wrapper elementor-grid\" role=\"list\">\n\t\t\t\t\t\t\t<span class=\"elementor-grid-item\" role=\"listitem\">\n\t\t\t\t\t<a class=\"elementor-icon elementor-social-icon elementor-social-icon-instagram elementor-repeater-item-c2e35af\" href=\"https:\/\/www.instagram.com\/albertoberzal_\/?hl=es\" target=\"_blank\" rel=\"noopener\">\n\t\t\t\t\t\t<span class=\"elementor-screen-only\">Instagram<\/span>\n\t\t\t\t\t\t<svg aria-hidden=\"true\" class=\"e-font-icon-svg e-fab-instagram\" viewBox=\"0 0 448 512\" xmlns=\"http:\/\/www.w3.org\/2000\/svg\"><path d=\"M224.1 141c-63.6 0-114.9 51.3-114.9 114.9s51.3 114.9 114.9 114.9S339 319.5 339 255.9 287.7 141 224.1 141zm0 189.6c-41.1 0-74.7-33.5-74.7-74.7s33.5-74.7 74.7-74.7 74.7 33.5 74.7 74.7-33.6 74.7-74.7 74.7zm146.4-194.3c0 14.9-12 26.8-26.8 26.8-14.9 0-26.8-12-26.8-26.8s12-26.8 26.8-26.8 26.8 12 26.8 26.8zm76.1 27.2c-1.7-35.9-9.9-67.7-36.2-93.9-26.2-26.2-58-34.4-93.9-36.2-37-2.1-147.9-2.1-184.9 0-35.8 1.7-67.6 9.9-93.9 36.1s-34.4 58-36.2 93.9c-2.1 37-2.1 147.9 0 184.9 1.7 35.9 9.9 67.7 36.2 93.9s58 34.4 93.9 36.2c37 2.1 147.9 2.1 184.9 0 35.9-1.7 67.7-9.9 93.9-36.2 26.2-26.2 34.4-58 36.2-93.9 2.1-37 2.1-147.8 0-184.8zM398.8 388c-7.8 19.6-22.9 34.7-42.6 42.6-29.5 11.7-99.5 9-132.1 9s-102.7 2.6-132.1-9c-19.6-7.8-34.7-22.9-42.6-42.6-11.7-29.5-9-99.5-9-132.1s-2.6-102.7 9-132.1c7.8-19.6 22.9-34.7 42.6-42.6 29.5-11.7 99.5-9 132.1-9s102.7-2.6 132.1 9c19.6 7.8 34.7 22.9 42.6 42.6 11.7 29.5 9 99.5 9 132.1s2.7 102.7-9 132.1z\"><\/path><\/svg>\t\t\t\t\t<\/a>\n\t\t\t\t<\/span>\n\t\t\t\t\t\t\t<span class=\"elementor-grid-item\" role=\"listitem\">\n\t\t\t\t\t<a class=\"elementor-icon elementor-social-icon elementor-social-icon-imdb elementor-repeater-item-685dda8\" href=\"https:\/\/www.imdb.com\/es-es\/name\/nm2196954\/?ref_=fn_t_1\" target=\"_blank\" rel=\"noopener\">\n\t\t\t\t\t\t<span class=\"elementor-screen-only\">Imdb<\/span>\n\t\t\t\t\t\t<svg aria-hidden=\"true\" class=\"e-font-icon-svg e-fab-imdb\" viewBox=\"0 0 448 512\" xmlns=\"http:\/\/www.w3.org\/2000\/svg\"><path d=\"M400 32H48C21.5 32 0 53.5 0 80v352c0 26.5 21.5 48 48 48h352c26.5 0 48-21.5 48-48V80c0-26.5-21.5-48-48-48zM21.3 229.2H21c.1-.1.2-.3.3-.4zM97 319.8H64V192h33zm113.2 0h-28.7v-86.4l-11.6 86.4h-20.6l-12.2-84.5v84.5h-29V192h42.8c3.3 19.8 6 39.9 8.7 59.9l7.6-59.9h43zm11.4 0V192h24.6c17.6 0 44.7-1.6 49 20.9 1.7 7.6 1.4 16.3 1.4 24.4 0 88.5 11.1 82.6-75 82.5zm160.9-29.2c0 15.7-2.4 30.9-22.2 30.9-9 0-15.2-3-20.9-9.8l-1.9 8.1h-29.8V192h31.7v41.7c6-6.5 12-9.2 20.9-9.2 21.4 0 22.2 12.8 22.2 30.1zM265 229.9c0-9.7 1.6-16-10.3-16v83.7c12.2.3 10.3-8.7 10.3-18.4zm85.5 26.1c0-5.4 1.1-12.7-6.2-12.7-6 0-4.9 8.9-4.9 12.7 0 .6-1.1 39.6 1.1 44.7.8 1.6 2.2 2.4 3.8 2.4 7.8 0 6.2-9 6.2-14.4z\"><\/path><\/svg>\t\t\t\t\t<\/a>\n\t\t\t\t<\/span>\n\t\t\t\t\t<\/div>\n\t\t\t\t\t\t<\/div>\n\t\t\t\t\t<\/div>\n\t\t\t\t<\/div>\n\t\t\t\t<\/div>\n\t\t","protected":false},"excerpt":{"rendered":"<p>alberto berzal Licenciado en Ciencias de la Informaci\u00f3n\u00a0 en Louisiana State University y proveniente del Laboratorio William Layton, complementa su formaci\u00f3n en diversos talleres con Jos\u00e9 Carlos Plaza, Miguel Narros, Andr\u00e9s Lima, Will Keen o Mariano Barroso. En 1999 participa en la creaci\u00f3n de la C\u00eda William Layton donde participa\u00a0 ya bien como actor o [&hellip;]<\/p>\n","protected":false},"author":1,"featured_media":0,"parent":0,"menu_order":0,"comment_status":"closed","ping_status":"closed","template":"elementor_header_footer","meta":{"footnotes":""},"class_list":["post-401","page","type-page","status-publish","hentry"],"_links":{"self":[{"href":"https:\/\/despiertosproducciones.com\/index.php\/wp-json\/wp\/v2\/pages\/401","targetHints":{"allow":["GET"]}}],"collection":[{"href":"https:\/\/despiertosproducciones.com\/index.php\/wp-json\/wp\/v2\/pages"}],"about":[{"href":"https:\/\/despiertosproducciones.com\/index.php\/wp-json\/wp\/v2\/types\/page"}],"author":[{"embeddable":true,"href":"https:\/\/despiertosproducciones.com\/index.php\/wp-json\/wp\/v2\/users\/1"}],"replies":[{"embeddable":true,"href":"https:\/\/despiertosproducciones.com\/index.php\/wp-json\/wp\/v2\/comments?post=401"}],"version-history":[{"count":25,"href":"https:\/\/despiertosproducciones.com\/index.php\/wp-json\/wp\/v2\/pages\/401\/revisions"}],"predecessor-version":[{"id":784,"href":"https:\/\/despiertosproducciones.com\/index.php\/wp-json\/wp\/v2\/pages\/401\/revisions\/784"}],"wp:attachment":[{"href":"https:\/\/despiertosproducciones.com\/index.php\/wp-json\/wp\/v2\/media?parent=401"}],"curies":[{"name":"wp","href":"https:\/\/api.w.org\/{rel}","templated":true}]}}