{"id":409,"date":"2026-01-15T19:28:06","date_gmt":"2026-01-15T19:28:06","guid":{"rendered":"https:\/\/despiertosproducciones.com\/?page_id=409"},"modified":"2026-02-01T09:31:10","modified_gmt":"2026-02-01T09:31:10","slug":"elementor-pagina-409","status":"publish","type":"page","link":"https:\/\/despiertosproducciones.com\/index.php\/elementor-pagina-409\/","title":{"rendered":"Israel Fr\u00edas"},"content":{"rendered":"\t\t<div data-elementor-type=\"wp-page\" data-elementor-id=\"409\" class=\"elementor elementor-409\" data-elementor-post-type=\"page\">\n\t\t\t\t<div class=\"elementor-element elementor-element-4dbcab72 e-flex e-con-boxed e-con e-parent\" data-id=\"4dbcab72\" data-element_type=\"container\" data-e-type=\"container\">\n\t\t\t\t\t<div class=\"e-con-inner\">\n\t\t\t\t<div class=\"elementor-element elementor-element-772513fd elementor-widget elementor-widget-image\" data-id=\"772513fd\" data-element_type=\"widget\" data-e-type=\"widget\" data-widget_type=\"image.default\">\n\t\t\t\t\t\t\t\t\t\t\t\t\t\t\t<img fetchpriority=\"high\" decoding=\"async\" width=\"214\" height=\"300\" src=\"https:\/\/despiertosproducciones.com\/wp-content\/uploads\/2026\/02\/Retrato-Israel-Frias-214x300.jpg\" class=\"attachment-medium size-medium wp-image-730\" alt=\"\" srcset=\"https:\/\/despiertosproducciones.com\/wp-content\/uploads\/2026\/02\/Retrato-Israel-Frias-214x300.jpg 214w, https:\/\/despiertosproducciones.com\/wp-content\/uploads\/2026\/02\/Retrato-Israel-Frias.jpg 440w\" sizes=\"(max-width: 214px) 100vw, 214px\" \/>\t\t\t\t\t\t\t\t\t\t\t\t\t\t\t<\/div>\n\t\t\t\t\t<\/div>\n\t\t\t\t<\/div>\n\t\t<div class=\"elementor-element elementor-element-71779ad0 e-flex e-con-boxed e-con e-parent\" data-id=\"71779ad0\" data-element_type=\"container\" data-e-type=\"container\">\n\t\t\t\t\t<div class=\"e-con-inner\">\n\t\t\t\t<div class=\"elementor-element elementor-element-4f25040d elementor-widget elementor-widget-heading\" data-id=\"4f25040d\" data-element_type=\"widget\" data-e-type=\"widget\" data-widget_type=\"heading.default\">\n\t\t\t\t\t<h2 class=\"elementor-heading-title elementor-size-default\">Israel fr\u00edas<\/h2>\t\t\t\t<\/div>\n\t\t\t\t\t<\/div>\n\t\t\t\t<\/div>\n\t\t<div class=\"elementor-element elementor-element-3e6593ce e-flex e-con-boxed e-con e-parent\" data-id=\"3e6593ce\" data-element_type=\"container\" data-e-type=\"container\">\n\t\t\t\t\t<div class=\"e-con-inner\">\n\t\t\t\t<div class=\"elementor-element elementor-element-25b4ec98 elementor-widget elementor-widget-text-editor\" data-id=\"25b4ec98\" data-element_type=\"widget\" data-e-type=\"widget\" data-widget_type=\"text-editor.default\">\n\t\t\t\t\t\t\t\t\t<p><span style=\"font-weight: 400;\">Tras cursar <\/span><i><span style=\"font-weight: 400;\">Biblioteconom\u00eda y Documentaci\u00f3n en la Universidad de Granada<\/span><\/i><span style=\"font-weight: 400;\"> se traslada a Madrid a formarse como actor en el <\/span><b><i>Laboratorio Teatral William Layton.<\/i><\/b><\/p><p>\u00a0<\/p><p><span style=\"font-weight: 400;\">Continu\u00f3 su formaci\u00f3n con prestigiosos maestros como Miguel Narros, Jos\u00e9 Carlos Plaza y Arnold Taraborrelli. Ha participado en talleres con Claudio Tolcachir, Andr\u00e9s Lima, Tamzin Townsend, Emilio Guti\u00e9rrez Caba, Eduardo Fuentes, Mariano Barroso, Alicia Hermida o Gabriel Olivares, entre otros.<\/span><\/p><p>\u00a0<\/p><p><span style=\"font-weight: 400;\">Miembro fundador de la <\/span><i><span style=\"font-weight: 400;\">Compa\u00f1\u00eda William Layton<\/span><\/i><span style=\"font-weight: 400;\">, as\u00ed como productor y creador de los colectivos <\/span><i><span style=\"font-weight: 400;\">94 West<\/span><\/i><span style=\"font-weight: 400;\"> y <\/span><i><span style=\"font-weight: 400;\">Theatre for the People<\/span><\/i><span style=\"font-weight: 400;\">, ha participado activamente como actor y productor en la creaci\u00f3n de espect\u00e1culos como <\/span><b>A la fresca, Los Despiertos, Los \u00daltimos D\u00edas de Judas Iscariote, True West o La naranja mec\u00e1nica.\u00a0<\/b><\/p><p>\u00a0<\/p><p><span style=\"font-weight: 400;\">Entre sus \u00faltimos trabajos en <\/span><b>teatro<\/b><span style=\"font-weight: 400;\"> se encuentran <\/span><b><i>La mujer sin nombre, Se\u00f1ora de Macbeth,\u00a0 Antonio y Cleopatra, Prometeo, El Auto de los Inocentes, Sin paga nadie paga.<\/i><\/b><\/p><p><b><i> <\/i><\/b><span style=\"font-weight: 400;\">Anteriormente en t\u00edtulos como <\/span><b><i>La sonrisa etrusca, Bodas de sangre, In Nomine Dei, Splendid \u0301s, Yo, Claudio, El sue\u00f1o de una noche de verano, Panorama desde el puente, La Estrella de Sevilla, El rey Lear o El perro del Hortelano<\/i><\/b><b>, <\/b><span style=\"font-weight: 400;\">textos de S<\/span><i><span style=\"font-weight: 400;\">hakespeare, Lorca, Arthur Miller, Jos\u00e9 Saramago, Lope de Vega, Jean Genet, Jose Luis Sampedro o Dario Fo <\/span><\/i><span style=\"font-weight: 400;\">entre otros y bajo la direcci\u00f3n de J<\/span><i><span style=\"font-weight: 400;\">os\u00e9 Carlos Plaza, Miguel Narros, Eduardo Fuentes, Alfonso Lara, Mag\u00fci Mira, Pepa Gamboa, Gabriel Olivares, Jose Troncoso o Pablo Rosal.<\/span><\/i><\/p><p>\u00a0<\/p><p><span style=\"font-weight: 400;\">En <\/span><b>televisi\u00f3n <\/b><span style=\"font-weight: 400;\">ha participado en las series <\/span><b><i>Abogadas, Entre Olivos, Brigada de Fen\u00f3menos, Array\u00e1n<\/i><\/b><i><span style=\"font-weight: 400;\">, y en varias T.V. movies como <\/span><\/i><b><i>Mario Conde. Los d\u00edas de Gloria, Carmina, Hoy quiero confesar, Despacito y a comp\u00e1s, Col\u00f3n al descubierto y La guerra civil en Andaluc\u00eda <\/i><\/b><i><span style=\"font-weight: 400;\">y en diversas series de la \u00faltimas temporadas.<\/span><\/i><\/p><p>\u00a0<\/p><p><span style=\"font-weight: 400;\">En <\/span><b>cine <\/b><span style=\"font-weight: 400;\">ha trabajado en <\/span><b>La luz con el tiempo dentro <\/b><span style=\"font-weight: 400;\">de Antonio Gonzalo y en <\/span><b>Para que no me olvides<\/b><span style=\"font-weight: 400;\"> y <\/span><b>Los ni\u00f1os salvajes<\/b><span style=\"font-weight: 400;\">, ambas dirigidas por Patricia Ferreira. Esta \u00faltima Biznaga de oro mejor pel\u00edcula, Festival de M\u00e1laga.<\/span><\/p><p>\u00a0<\/p><p><span style=\"font-weight: 400;\">Como docente ha dado clase a distintos grupos de adolescentes dirigiendo y poniendo en escena sus propias creaciones.\u00a0<\/span><\/p><p>\u00a0<\/p><p><span style=\"font-weight: 400;\">Nominado por la <\/span><i><span style=\"font-weight: 400;\">Uni\u00f3n de Actores<\/span><\/i><span style=\"font-weight: 400;\"> en cinco ocasiones por <\/span><b><i>Los \u00faltimos d\u00edas de Judas Iscariote, Bodas de sangre, Yo, Claudio, El sue\u00f1o de una noche de verano y Panorama desde el puente.<\/i><\/b><\/p>\t\t\t\t\t\t\t\t<\/div>\n\t\t\t\t\t<\/div>\n\t\t\t\t<\/div>\n\t\t<div class=\"elementor-element elementor-element-1ee5af72 e-flex e-con-boxed e-con e-parent\" data-id=\"1ee5af72\" data-element_type=\"container\" data-e-type=\"container\">\n\t\t\t\t\t<div class=\"e-con-inner\">\n\t\t\t\t<div class=\"elementor-element elementor-element-8b9bcd2 elementor-shape-rounded elementor-grid-0 e-grid-align-center elementor-widget elementor-widget-social-icons\" data-id=\"8b9bcd2\" data-element_type=\"widget\" data-e-type=\"widget\" data-widget_type=\"social-icons.default\">\n\t\t\t\t\t\t\t<div class=\"elementor-social-icons-wrapper elementor-grid\" role=\"list\">\n\t\t\t\t\t\t\t<span class=\"elementor-grid-item\" role=\"listitem\">\n\t\t\t\t\t<a class=\"elementor-icon elementor-social-icon elementor-social-icon-instagram elementor-repeater-item-c2e35af\" href=\"https:\/\/www.instagram.com\/israelfrias__\/\" target=\"_blank\" rel=\"noopener\">\n\t\t\t\t\t\t<span class=\"elementor-screen-only\">Instagram<\/span>\n\t\t\t\t\t\t<svg aria-hidden=\"true\" class=\"e-font-icon-svg e-fab-instagram\" viewBox=\"0 0 448 512\" xmlns=\"http:\/\/www.w3.org\/2000\/svg\"><path d=\"M224.1 141c-63.6 0-114.9 51.3-114.9 114.9s51.3 114.9 114.9 114.9S339 319.5 339 255.9 287.7 141 224.1 141zm0 189.6c-41.1 0-74.7-33.5-74.7-74.7s33.5-74.7 74.7-74.7 74.7 33.5 74.7 74.7-33.6 74.7-74.7 74.7zm146.4-194.3c0 14.9-12 26.8-26.8 26.8-14.9 0-26.8-12-26.8-26.8s12-26.8 26.8-26.8 26.8 12 26.8 26.8zm76.1 27.2c-1.7-35.9-9.9-67.7-36.2-93.9-26.2-26.2-58-34.4-93.9-36.2-37-2.1-147.9-2.1-184.9 0-35.8 1.7-67.6 9.9-93.9 36.1s-34.4 58-36.2 93.9c-2.1 37-2.1 147.9 0 184.9 1.7 35.9 9.9 67.7 36.2 93.9s58 34.4 93.9 36.2c37 2.1 147.9 2.1 184.9 0 35.9-1.7 67.7-9.9 93.9-36.2 26.2-26.2 34.4-58 36.2-93.9 2.1-37 2.1-147.8 0-184.8zM398.8 388c-7.8 19.6-22.9 34.7-42.6 42.6-29.5 11.7-99.5 9-132.1 9s-102.7 2.6-132.1-9c-19.6-7.8-34.7-22.9-42.6-42.6-11.7-29.5-9-99.5-9-132.1s-2.6-102.7 9-132.1c7.8-19.6 22.9-34.7 42.6-42.6 29.5-11.7 99.5-9 132.1-9s102.7-2.6 132.1 9c19.6 7.8 34.7 22.9 42.6 42.6 11.7 29.5 9 99.5 9 132.1s2.7 102.7-9 132.1z\"><\/path><\/svg>\t\t\t\t\t<\/a>\n\t\t\t\t<\/span>\n\t\t\t\t\t\t\t<span class=\"elementor-grid-item\" role=\"listitem\">\n\t\t\t\t\t<a class=\"elementor-icon elementor-social-icon elementor-social-icon-imdb elementor-repeater-item-a1eba4f\" href=\"https:\/\/www.imdb.com\/es-es\/name\/nm1722504\/?ref_=fn_t_1\" target=\"_blank\" rel=\"noopener\">\n\t\t\t\t\t\t<span class=\"elementor-screen-only\">Imdb<\/span>\n\t\t\t\t\t\t<svg aria-hidden=\"true\" class=\"e-font-icon-svg e-fab-imdb\" viewBox=\"0 0 448 512\" xmlns=\"http:\/\/www.w3.org\/2000\/svg\"><path d=\"M400 32H48C21.5 32 0 53.5 0 80v352c0 26.5 21.5 48 48 48h352c26.5 0 48-21.5 48-48V80c0-26.5-21.5-48-48-48zM21.3 229.2H21c.1-.1.2-.3.3-.4zM97 319.8H64V192h33zm113.2 0h-28.7v-86.4l-11.6 86.4h-20.6l-12.2-84.5v84.5h-29V192h42.8c3.3 19.8 6 39.9 8.7 59.9l7.6-59.9h43zm11.4 0V192h24.6c17.6 0 44.7-1.6 49 20.9 1.7 7.6 1.4 16.3 1.4 24.4 0 88.5 11.1 82.6-75 82.5zm160.9-29.2c0 15.7-2.4 30.9-22.2 30.9-9 0-15.2-3-20.9-9.8l-1.9 8.1h-29.8V192h31.7v41.7c6-6.5 12-9.2 20.9-9.2 21.4 0 22.2 12.8 22.2 30.1zM265 229.9c0-9.7 1.6-16-10.3-16v83.7c12.2.3 10.3-8.7 10.3-18.4zm85.5 26.1c0-5.4 1.1-12.7-6.2-12.7-6 0-4.9 8.9-4.9 12.7 0 .6-1.1 39.6 1.1 44.7.8 1.6 2.2 2.4 3.8 2.4 7.8 0 6.2-9 6.2-14.4z\"><\/path><\/svg>\t\t\t\t\t<\/a>\n\t\t\t\t<\/span>\n\t\t\t\t\t<\/div>\n\t\t\t\t\t\t<\/div>\n\t\t\t\t\t<\/div>\n\t\t\t\t<\/div>\n\t\t\t\t<\/div>\n\t\t","protected":false},"excerpt":{"rendered":"<p>Israel fr\u00edas Tras cursar Biblioteconom\u00eda y Documentaci\u00f3n en la Universidad de Granada se traslada a Madrid a formarse como actor en el Laboratorio Teatral William Layton. \u00a0 Continu\u00f3 su formaci\u00f3n con prestigiosos maestros como Miguel Narros, Jos\u00e9 Carlos Plaza y Arnold Taraborrelli. Ha participado en talleres con Claudio Tolcachir, Andr\u00e9s Lima, Tamzin Townsend, Emilio Guti\u00e9rrez [&hellip;]<\/p>\n","protected":false},"author":1,"featured_media":0,"parent":0,"menu_order":0,"comment_status":"closed","ping_status":"closed","template":"elementor_header_footer","meta":{"footnotes":""},"class_list":["post-409","page","type-page","status-publish","hentry"],"_links":{"self":[{"href":"https:\/\/despiertosproducciones.com\/index.php\/wp-json\/wp\/v2\/pages\/409","targetHints":{"allow":["GET"]}}],"collection":[{"href":"https:\/\/despiertosproducciones.com\/index.php\/wp-json\/wp\/v2\/pages"}],"about":[{"href":"https:\/\/despiertosproducciones.com\/index.php\/wp-json\/wp\/v2\/types\/page"}],"author":[{"embeddable":true,"href":"https:\/\/despiertosproducciones.com\/index.php\/wp-json\/wp\/v2\/users\/1"}],"replies":[{"embeddable":true,"href":"https:\/\/despiertosproducciones.com\/index.php\/wp-json\/wp\/v2\/comments?post=409"}],"version-history":[{"count":17,"href":"https:\/\/despiertosproducciones.com\/index.php\/wp-json\/wp\/v2\/pages\/409\/revisions"}],"predecessor-version":[{"id":739,"href":"https:\/\/despiertosproducciones.com\/index.php\/wp-json\/wp\/v2\/pages\/409\/revisions\/739"}],"wp:attachment":[{"href":"https:\/\/despiertosproducciones.com\/index.php\/wp-json\/wp\/v2\/media?parent=409"}],"curies":[{"name":"wp","href":"https:\/\/api.w.org\/{rel}","templated":true}]}}