{"id":414,"date":"2026-01-15T19:30:06","date_gmt":"2026-01-15T19:30:06","guid":{"rendered":"https:\/\/despiertosproducciones.com\/?page_id=414"},"modified":"2026-02-15T12:53:56","modified_gmt":"2026-02-15T12:53:56","slug":"luis-rallo","status":"publish","type":"page","link":"https:\/\/despiertosproducciones.com\/index.php\/luis-rallo\/","title":{"rendered":"Luis Rallo"},"content":{"rendered":"\t\t<div data-elementor-type=\"wp-page\" data-elementor-id=\"414\" class=\"elementor elementor-414\" data-elementor-post-type=\"page\">\n\t\t\t\t<div class=\"elementor-element elementor-element-7860eecd e-flex e-con-boxed e-con e-parent\" data-id=\"7860eecd\" data-element_type=\"container\" data-e-type=\"container\">\n\t\t\t\t\t<div class=\"e-con-inner\">\n\t\t\t\t<div class=\"elementor-element elementor-element-994821 elementor-widget elementor-widget-image\" data-id=\"994821\" data-element_type=\"widget\" data-e-type=\"widget\" data-widget_type=\"image.default\">\n\t\t\t\t\t\t\t\t\t\t\t\t\t\t\t<img fetchpriority=\"high\" decoding=\"async\" width=\"214\" height=\"300\" src=\"https:\/\/despiertosproducciones.com\/wp-content\/uploads\/2026\/02\/LUIS-RALLO-LOS-DESPIERTOS-COMPANIA-1-214x300.jpg\" class=\"attachment-medium size-medium wp-image-763\" alt=\"\" srcset=\"https:\/\/despiertosproducciones.com\/wp-content\/uploads\/2026\/02\/LUIS-RALLO-LOS-DESPIERTOS-COMPANIA-1-214x300.jpg 214w, https:\/\/despiertosproducciones.com\/wp-content\/uploads\/2026\/02\/LUIS-RALLO-LOS-DESPIERTOS-COMPANIA-1-730x1024.jpg 730w, https:\/\/despiertosproducciones.com\/wp-content\/uploads\/2026\/02\/LUIS-RALLO-LOS-DESPIERTOS-COMPANIA-1-768x1077.jpg 768w, https:\/\/despiertosproducciones.com\/wp-content\/uploads\/2026\/02\/LUIS-RALLO-LOS-DESPIERTOS-COMPANIA-1.jpg 885w\" sizes=\"(max-width: 214px) 100vw, 214px\" \/>\t\t\t\t\t\t\t\t\t\t\t\t\t\t\t<\/div>\n\t\t\t\t\t<\/div>\n\t\t\t\t<\/div>\n\t\t<div class=\"elementor-element elementor-element-14a33a1c e-flex e-con-boxed e-con e-parent\" data-id=\"14a33a1c\" data-element_type=\"container\" data-e-type=\"container\">\n\t\t\t\t\t<div class=\"e-con-inner\">\n\t\t\t\t<div class=\"elementor-element elementor-element-6ef69da1 elementor-widget elementor-widget-heading\" data-id=\"6ef69da1\" data-element_type=\"widget\" data-e-type=\"widget\" data-widget_type=\"heading.default\">\n\t\t\t\t\t<h2 class=\"elementor-heading-title elementor-size-default\">luis rallo<\/h2>\t\t\t\t<\/div>\n\t\t\t\t\t<\/div>\n\t\t\t\t<\/div>\n\t\t<div class=\"elementor-element elementor-element-66c882d1 e-flex e-con-boxed e-con e-parent\" data-id=\"66c882d1\" data-element_type=\"container\" data-e-type=\"container\">\n\t\t\t\t\t<div class=\"e-con-inner\">\n\t\t\t\t<div class=\"elementor-element elementor-element-1aec2faa elementor-widget elementor-widget-text-editor\" data-id=\"1aec2faa\" data-element_type=\"widget\" data-e-type=\"widget\" data-widget_type=\"text-editor.default\">\n\t\t\t\t\t\t\t\t\t<p>Nacido en C\u00f3rdoba y<i> Licenciado en La Escuela Superior de Arte Dram\u00e1tico <\/i>de su ciudad natal, amplia sus estudios en el <b><i>Laboratorio William Layton,<\/i><\/b> el <i>Estudio de Danza Arnold Taraborrelli y el Teatro de La Abad\u00eda <\/i>de Madrid. Tambi\u00e9\u0301n ha realizado talleres con Wiil Keen, Anne Bogart, Dan Jemmet, Juan Mayorga, Alberto Conejero, Mariano Barroso o Manuel Mart\u00edn- Cuenca.<\/p><p><span style=\"font-weight: 400;\">En <\/span><b>teatro<\/b><span style=\"font-weight: 400;\"> ha trabajado como actor a las \u00f3rdenes de Borja Rodr\u00edguez, Pablo Rosal, Jos\u00e9 Troncoso, Jos\u00e9 Carlos Plaza, Miguel Narros, Lluis Pasqual, Josefina Molina , Carlos Mart\u00ednez-Abarca o Natalia Men\u00e9ndez y trabajado en m\u00e1s de 30 t\u00edtulos como <\/span><b>La Dama Duende, Divinas Palabras, Bodas de Sangre, Hamlet, La Tempestad, H\u00e9cuba, Medea , El Padre<\/b><span style=\"font-weight: 400;\">,\u2026.<\/span><\/p><p><span style=\"font-weight: 400;\">Es miembro fundador de distintos colectivos: <\/span><i><span style=\"font-weight: 400;\">Compa\u00f1\u00eda William Layton, Theatre for the people, Paradoja Teatro o 94West o los Despiertos Producciones <\/span><\/i><span style=\"font-weight: 400;\">con los que ha participado como productor y actor en <\/span><b>A la fresca, Los Despiertos, 1<\/b><b><i>984, True West, Los \u00daltimos d\u00edas de Judas Iscariote o La Naranja Mec\u00e1nica.<\/i><\/b><\/p><p>\u00a0<\/p><p><span style=\"font-weight: 400;\">Es autor de la pieza teatral <\/span><b><i>Una tormenta de Verano<\/i><\/b><span style=\"font-weight: 400;\"> a partir de un relato de K<\/span><i><span style=\"font-weight: 400;\">atherine Mansfield.<\/span><\/i><\/p><p>\u00a0<\/p><p><span style=\"font-weight: 400;\">Como docente ha impartido talleres de interpretaci\u00f3n en el Teatro del Barrio o Ifema, y es profesor en Primera Toma y Sing and Dance Project Victor Ullate Roche.<\/span><\/p><p>\u00a0<\/p><p><span style=\"font-weight: 400;\">En <\/span><b>cine<\/b><span style=\"font-weight: 400;\"> particip\u00f3 en <\/span><b><i>Tras el Verano, Buscando a Coque, Ver\u00f3nica , Gordos y El \u00c1ngel de la Guarda <\/i><\/b><i><span style=\"font-weight: 400;\">.<\/span><\/i><\/p><p>\u00a0<\/p><p><span style=\"font-weight: 400;\">En <\/span><b>televisi\u00f3n<\/b><span style=\"font-weight: 400;\"> ha intervenido en varias T.V. movies como <\/span><b><i>D\u00edas sin Luz, Adolfo Su\u00e1rez, el Presidente, Diamantino y<\/i><\/b><b> en numerosas series de t.v. como: 1992, M\u00eda es la Venganza, Garc\u00eda!, Amar es para Siempre, Caronte, El Ministerio del Tiempo, Velvet, Seis Hermanas<\/b><span style=\"font-weight: 400;\"> y trabajado con directores como Daniel Sanchez-Ar\u00e9valo, \u00c1lex De la Iglesia , Eugenio Mira, Antonio Hern\u00e1ndez o Paco Plaza.<\/span><\/p><p><span style=\"font-weight: 400;\">Tambi\u00e9n es colaborador habitual del programa La Sala de RNE sobre artes esc\u00e9nicas dirigido por Dani Galindo desde 2015.<\/span><\/p><p>\u00a0<\/p><p><span style=\"font-weight: 400;\">Ha estado nominado a los Premios de la Uni\u00f3n de Actores en siete ocasiones ocasiones por Yo Claudio , Bodas de Sangre, El Padre, 1984 y Divinas Palabras, Garc\u00eda! y M\u00eda es la venganza.<\/span><\/p><p>\u00a0<\/p><p><span style=\"font-weight: 400;\">Ganador del Premio C\u00f3rdoba a Escena 2017 por su trayectoria teatral.<\/span><\/p>\t\t\t\t\t\t\t\t<\/div>\n\t\t\t\t\t<\/div>\n\t\t\t\t<\/div>\n\t\t<div class=\"elementor-element elementor-element-14ac07b e-flex e-con-boxed e-con e-parent\" data-id=\"14ac07b\" data-element_type=\"container\" data-e-type=\"container\">\n\t\t\t\t\t<div class=\"e-con-inner\">\n\t\t\t\t<div class=\"elementor-element elementor-element-188cf1d elementor-shape-rounded elementor-grid-0 e-grid-align-center elementor-widget elementor-widget-social-icons\" data-id=\"188cf1d\" data-element_type=\"widget\" data-e-type=\"widget\" data-widget_type=\"social-icons.default\">\n\t\t\t\t\t\t\t<div class=\"elementor-social-icons-wrapper elementor-grid\">\n\t\t\t\t\t\t\t<span class=\"elementor-grid-item\">\n\t\t\t\t\t<a class=\"elementor-icon elementor-social-icon elementor-social-icon-imdb elementor-repeater-item-24093e5\" href=\"https:\/\/www.imdb.com\/es-es\/name\/nm0707743\/\" target=\"_blank\" rel=\"noopener\">\n\t\t\t\t\t\t<span class=\"elementor-screen-only\">Imdb<\/span>\n\t\t\t\t\t\t<svg aria-hidden=\"true\" class=\"e-font-icon-svg e-fab-imdb\" viewBox=\"0 0 448 512\" xmlns=\"http:\/\/www.w3.org\/2000\/svg\"><path d=\"M400 32H48C21.5 32 0 53.5 0 80v352c0 26.5 21.5 48 48 48h352c26.5 0 48-21.5 48-48V80c0-26.5-21.5-48-48-48zM21.3 229.2H21c.1-.1.2-.3.3-.4zM97 319.8H64V192h33zm113.2 0h-28.7v-86.4l-11.6 86.4h-20.6l-12.2-84.5v84.5h-29V192h42.8c3.3 19.8 6 39.9 8.7 59.9l7.6-59.9h43zm11.4 0V192h24.6c17.6 0 44.7-1.6 49 20.9 1.7 7.6 1.4 16.3 1.4 24.4 0 88.5 11.1 82.6-75 82.5zm160.9-29.2c0 15.7-2.4 30.9-22.2 30.9-9 0-15.2-3-20.9-9.8l-1.9 8.1h-29.8V192h31.7v41.7c6-6.5 12-9.2 20.9-9.2 21.4 0 22.2 12.8 22.2 30.1zM265 229.9c0-9.7 1.6-16-10.3-16v83.7c12.2.3 10.3-8.7 10.3-18.4zm85.5 26.1c0-5.4 1.1-12.7-6.2-12.7-6 0-4.9 8.9-4.9 12.7 0 .6-1.1 39.6 1.1 44.7.8 1.6 2.2 2.4 3.8 2.4 7.8 0 6.2-9 6.2-14.4z\"><\/path><\/svg>\t\t\t\t\t<\/a>\n\t\t\t\t<\/span>\n\t\t\t\t\t<\/div>\n\t\t\t\t\t\t<\/div>\n\t\t\t\t\t<\/div>\n\t\t\t\t<\/div>\n\t\t\t\t<\/div>\n\t\t","protected":false},"excerpt":{"rendered":"<p>luis rallo Nacido en C\u00f3rdoba y Licenciado en La Escuela Superior de Arte Dram\u00e1tico de su ciudad natal, amplia sus estudios en el Laboratorio William Layton, el Estudio de Danza Arnold Taraborrelli y el Teatro de La Abad\u00eda de Madrid. Tambi\u00e9\u0301n ha realizado talleres con Wiil Keen, Anne Bogart, Dan Jemmet, Juan Mayorga, Alberto Conejero, [&hellip;]<\/p>\n","protected":false},"author":1,"featured_media":0,"parent":0,"menu_order":0,"comment_status":"closed","ping_status":"closed","template":"elementor_header_footer","meta":{"footnotes":""},"class_list":["post-414","page","type-page","status-publish","hentry"],"_links":{"self":[{"href":"https:\/\/despiertosproducciones.com\/index.php\/wp-json\/wp\/v2\/pages\/414","targetHints":{"allow":["GET"]}}],"collection":[{"href":"https:\/\/despiertosproducciones.com\/index.php\/wp-json\/wp\/v2\/pages"}],"about":[{"href":"https:\/\/despiertosproducciones.com\/index.php\/wp-json\/wp\/v2\/types\/page"}],"author":[{"embeddable":true,"href":"https:\/\/despiertosproducciones.com\/index.php\/wp-json\/wp\/v2\/users\/1"}],"replies":[{"embeddable":true,"href":"https:\/\/despiertosproducciones.com\/index.php\/wp-json\/wp\/v2\/comments?post=414"}],"version-history":[{"count":28,"href":"https:\/\/despiertosproducciones.com\/index.php\/wp-json\/wp\/v2\/pages\/414\/revisions"}],"predecessor-version":[{"id":787,"href":"https:\/\/despiertosproducciones.com\/index.php\/wp-json\/wp\/v2\/pages\/414\/revisions\/787"}],"wp:attachment":[{"href":"https:\/\/despiertosproducciones.com\/index.php\/wp-json\/wp\/v2\/media?parent=414"}],"curies":[{"name":"wp","href":"https:\/\/api.w.org\/{rel}","templated":true}]}}