{"id":683,"date":"2026-01-23T12:39:56","date_gmt":"2026-01-23T12:39:56","guid":{"rendered":"https:\/\/despiertosproducciones.com\/?page_id=683"},"modified":"2026-01-26T06:30:09","modified_gmt":"2026-01-26T06:30:09","slug":"prensa","status":"publish","type":"page","link":"https:\/\/despiertosproducciones.com\/index.php\/prensa\/","title":{"rendered":"Prensa"},"content":{"rendered":"\t\t<div data-elementor-type=\"wp-page\" data-elementor-id=\"683\" class=\"elementor elementor-683\" data-elementor-post-type=\"page\">\n\t\t\t\t<div class=\"elementor-element elementor-element-db87559 e-flex e-con-boxed e-con e-parent\" data-id=\"db87559\" data-element_type=\"container\" data-e-type=\"container\" data-settings=\"{&quot;background_background&quot;:&quot;classic&quot;}\">\n\t\t\t\t\t<div class=\"e-con-inner\">\n\t\t\t\t<div class=\"elementor-element elementor-element-5516837 elementor-widget elementor-widget-heading\" data-id=\"5516837\" data-element_type=\"widget\" data-e-type=\"widget\" data-widget_type=\"heading.default\">\n\t\t\t\t\t<h2 class=\"elementor-heading-title elementor-size-default\">la cr\u00edtica ha dicho...<\/h2>\t\t\t\t<\/div>\n\t\t\t\t\t<\/div>\n\t\t\t\t<\/div>\n\t\t<div class=\"elementor-element elementor-element-4f5acd5 e-flex e-con-boxed e-con e-parent\" data-id=\"4f5acd5\" data-element_type=\"container\" data-e-type=\"container\">\n\t\t\t\t\t<div class=\"e-con-inner\">\n\t\t\t\t<div class=\"elementor-element elementor-element-89ece62 elementor-widget elementor-widget-theme-post-featured-image elementor-widget-image\" data-id=\"89ece62\" data-element_type=\"widget\" data-e-type=\"widget\" data-widget_type=\"theme-post-featured-image.default\">\n\t\t\t\t\t\t\t\t\t\t\t\t\t\t\t<img fetchpriority=\"high\" decoding=\"async\" width=\"210\" height=\"300\" src=\"https:\/\/despiertosproducciones.com\/wp-content\/uploads\/2026\/01\/CARTEL-A-LA-FRESCA-210x300.webp\" class=\"attachment-medium size-medium wp-image-653\" alt=\"\" srcset=\"https:\/\/despiertosproducciones.com\/wp-content\/uploads\/2026\/01\/CARTEL-A-LA-FRESCA-210x300.webp 210w, https:\/\/despiertosproducciones.com\/wp-content\/uploads\/2026\/01\/CARTEL-A-LA-FRESCA-716x1024.webp 716w, https:\/\/despiertosproducciones.com\/wp-content\/uploads\/2026\/01\/CARTEL-A-LA-FRESCA-768x1098.webp 768w, https:\/\/despiertosproducciones.com\/wp-content\/uploads\/2026\/01\/CARTEL-A-LA-FRESCA.webp 990w\" sizes=\"(max-width: 210px) 100vw, 210px\" \/>\t\t\t\t\t\t\t\t\t\t\t\t\t\t\t<\/div>\n\t\t<div class=\"elementor-element elementor-element-26e799a e-grid e-con-full e-con e-child\" data-id=\"26e799a\" data-element_type=\"container\" data-e-type=\"container\">\n\t\t\t\t<div class=\"elementor-element elementor-element-4b53e82 elementor-widget elementor-widget-icon-box\" data-id=\"4b53e82\" data-element_type=\"widget\" data-e-type=\"widget\" data-widget_type=\"icon-box.default\">\n\t\t\t\t\t\t\t<div class=\"elementor-icon-box-wrapper\">\n\n\t\t\t\n\t\t\t\t\t\t<div class=\"elementor-icon-box-content\">\n\n\t\t\t\t\t\t\t\t\t<h3 class=\"elementor-icon-box-title\">\n\t\t\t\t\t\t<a href=\"https:\/\/www.eldiario.es\/cultura\/teatro\/fresca-teatro-anarquista-pablo-rosal-bomba-capital-camuflada-caramelo_129_12045869.amp.html\" target=\"_blank\" rel=\"noopener\">\n\t\t\t\t\t\t\t\u201cLa compa\u00f1\u00eda que est\u00e1 formada por tres actores que pidieron a Rosal que les escribiera este texto, se entrega por completo al universo del autor y es un disfrute verlos trabajar\u201d\t\t\t\t\t\t<\/a>\n\t\t\t\t\t<\/h3>\n\t\t\t\t\n\t\t\t\t\t\t\t\t\t<p class=\"elementor-icon-box-description\">\n\t\t\t\t\t\tPablo Caruana  H\u00fader<br>(elDiario.es)\t\t\t\t\t<\/p>\n\t\t\t\t\n\t\t\t<\/div>\n\t\t\t\n\t\t<\/div>\n\t\t\t\t\t\t<\/div>\n\t\t\t\t<div class=\"elementor-element elementor-element-8e259c1 elementor-widget elementor-widget-icon-box\" data-id=\"8e259c1\" data-element_type=\"widget\" data-e-type=\"widget\" data-widget_type=\"icon-box.default\">\n\t\t\t\t\t\t\t<div class=\"elementor-icon-box-wrapper\">\n\n\t\t\t\n\t\t\t\t\t\t<div class=\"elementor-icon-box-content\">\n\n\t\t\t\t\t\t\t\t\t<h3 class=\"elementor-icon-box-title\">\n\t\t\t\t\t\t<a href=\"https:\/\/enplatea.com\/?p=42761\" target=\"_blank\" rel=\"noopener\">\n\t\t\t\t\t\t\t\u201cTres int\u00e9rpretes h\u00e1biles, sutiles, finos, capaces de manera individual. Unidos, compenetrados, c\u00f3mplices y perfectamente fusionado como conjunto. Nada nuevo entre Alberto, Israel y Luis.\u201d\t\t\t\t\t\t<\/a>\n\t\t\t\t\t<\/h3>\n\t\t\t\t\n\t\t\t\t\t\t\t\t\t<p class=\"elementor-icon-box-description\">\n\t\t\t\t\t\tLucas Ferreira<br>  ( En Platea)\t\t\t\t\t<\/p>\n\t\t\t\t\n\t\t\t<\/div>\n\t\t\t\n\t\t<\/div>\n\t\t\t\t\t\t<\/div>\n\t\t\t\t<div class=\"elementor-element elementor-element-a10351f elementor-widget elementor-widget-icon-box\" data-id=\"a10351f\" data-element_type=\"widget\" data-e-type=\"widget\" data-widget_type=\"icon-box.default\">\n\t\t\t\t\t\t\t<div class=\"elementor-icon-box-wrapper\">\n\n\t\t\t\n\t\t\t\t\t\t<div class=\"elementor-icon-box-content\">\n\n\t\t\t\t\t\t\t\t\t<h3 class=\"elementor-icon-box-title\">\n\t\t\t\t\t\t<a href=\"https:\/\/revistatarantula.com\/a-la-fresca-texto-y-direccion-de-pablo-rosal-con-alberto-berzal-israel-frias-y-luis-rallo\/\" target=\"_blank\" rel=\"noopener\">\n\t\t\t\t\t\t\t\u201cLos tres actores son extraordinarios. Al trabajar juntos, en lugar de compartir protagonismo, se potencian y se hacen m\u00e1s visibles, con una energ\u00eda que los retroalimenta. Pablo Rosal ha creado unos personajes que los int\u00e9rpretes han hecho suyos, y el autor y director ha sabido potenciarlos, resaltando la parte m\u00e1gica que todos llevamos dentro y proponiendo un final de cuento\u201d\u201c  La compa\u00f1\u00eda que est\u00e1 formada por tres actores que pidieron a Rosal que les escribiera este texto, se entrega por completo al universo del autor y es un disfrute verlos trabajar\u201d\t\t\t\t\t\t<\/a>\n\t\t\t\t\t<\/h3>\n\t\t\t\t\n\t\t\t\t\t\t\t\t\t<p class=\"elementor-icon-box-description\">\n\t\t\t\t\t\tLuis Mu\u00f1oz Diez <br>(TAR\u00c1NTULA Revista Cultural)\n<div><br><\/div>\t\t\t\t\t<\/p>\n\t\t\t\t\n\t\t\t<\/div>\n\t\t\t\n\t\t<\/div>\n\t\t\t\t\t\t<\/div>\n\t\t\t\t<\/div>\n\t\t\t\t\t<\/div>\n\t\t\t\t<\/div>\n\t\t<div class=\"elementor-element elementor-element-7eba121 e-flex e-con-boxed e-con e-parent\" data-id=\"7eba121\" data-element_type=\"container\" data-e-type=\"container\" data-settings=\"{&quot;background_background&quot;:&quot;classic&quot;}\">\n\t\t\t\t\t<div class=\"e-con-inner\">\n\t\t\t\t<div class=\"elementor-element elementor-element-b783cd3 elementor-widget elementor-widget-theme-post-featured-image elementor-widget-image\" data-id=\"b783cd3\" data-element_type=\"widget\" data-e-type=\"widget\" data-widget_type=\"theme-post-featured-image.default\">\n\t\t\t\t\t\t\t\t\t\t\t\t\t\t\t<img decoding=\"async\" width=\"217\" height=\"300\" src=\"https:\/\/despiertosproducciones.com\/wp-content\/uploads\/2026\/01\/CARTEL-LOS-DESPIERTOS-COMPANIA-TEATRO-TRONCOSO--217x300.webp\" class=\"attachment-medium size-medium wp-image-584\" alt=\"\" srcset=\"https:\/\/despiertosproducciones.com\/wp-content\/uploads\/2026\/01\/CARTEL-LOS-DESPIERTOS-COMPANIA-TEATRO-TRONCOSO--217x300.webp 217w, https:\/\/despiertosproducciones.com\/wp-content\/uploads\/2026\/01\/CARTEL-LOS-DESPIERTOS-COMPANIA-TEATRO-TRONCOSO-.webp 542w\" sizes=\"(max-width: 217px) 100vw, 217px\" \/>\t\t\t\t\t\t\t\t\t\t\t\t\t\t\t<\/div>\n\t\t<div class=\"elementor-element elementor-element-8ddcbfb e-grid e-con-full e-con e-child\" data-id=\"8ddcbfb\" data-element_type=\"container\" data-e-type=\"container\">\n\t\t\t\t<div class=\"elementor-element elementor-element-68a44d9 elementor-widget elementor-widget-icon-box\" data-id=\"68a44d9\" data-element_type=\"widget\" data-e-type=\"widget\" data-widget_type=\"icon-box.default\">\n\t\t\t\t\t\t\t<div class=\"elementor-icon-box-wrapper\">\n\n\t\t\t\n\t\t\t\t\t\t<div class=\"elementor-icon-box-content\">\n\n\t\t\t\t\t\t\t\t\t<h3 class=\"elementor-icon-box-title\">\n\t\t\t\t\t\t<a href=\"https:\/\/www.culturamas.es\/2022\/08\/25\/los-despiertos\/\" target=\"_blank\" rel=\"noopener\">\n\t\t\t\t\t\t\t\u201cEntre compases y movimientos propios de un antiguo cabaret Los despiertos cuenta con tres actores aplaudidos muchas veces en variados estilos, pero nunca en algo parecido, y se expresan de maravilla, crean momentos \u00fanicos de vuelo y tensi\u00f3n a ras de tierra.\u201d\t\t\t\t\t\t<\/a>\n\t\t\t\t\t<\/h3>\n\t\t\t\t\n\t\t\t\t\t\t\t\t\t<p class=\"elementor-icon-box-description\">\n\t\t\t\t\t\tHoracio Otheguy Riveira  <br>(Culturamas)\t\t\t\t\t<\/p>\n\t\t\t\t\n\t\t\t<\/div>\n\t\t\t\n\t\t<\/div>\n\t\t\t\t\t\t<\/div>\n\t\t\t\t<div class=\"elementor-element elementor-element-3d97cdb elementor-widget elementor-widget-icon-box\" data-id=\"3d97cdb\" data-element_type=\"widget\" data-e-type=\"widget\" data-widget_type=\"icon-box.default\">\n\t\t\t\t\t\t\t<div class=\"elementor-icon-box-wrapper\">\n\n\t\t\t\n\t\t\t\t\t\t<div class=\"elementor-icon-box-content\">\n\n\t\t\t\t\t\t\t\t\t<h3 class=\"elementor-icon-box-title\">\n\t\t\t\t\t\t<a href=\"https:\/\/enplatea.com\/?p=33071\" target=\"_blank\" rel=\"noopener\">\n\t\t\t\t\t\t\t\u201cUn drama, una comedia y una tragedia vibrante, sagaz e inteligente en la que brilla el trabajo de su tr\u00edo protagonista, Alberto Berzal, Israel Fr\u00edas y Luis Rallo.\u201d\t\t\t\t\t\t<\/a>\n\t\t\t\t\t<\/h3>\n\t\t\t\t\n\t\t\t\t\t\t\t\t\t<p class=\"elementor-icon-box-description\">\n\t\t\t\t\t\tLucas Ferreira.  <br>(En Platea)\t\t\t\t\t<\/p>\n\t\t\t\t\n\t\t\t<\/div>\n\t\t\t\n\t\t<\/div>\n\t\t\t\t\t\t<\/div>\n\t\t\t\t<div class=\"elementor-element elementor-element-965b5d8 elementor-widget elementor-widget-icon-box\" data-id=\"965b5d8\" data-element_type=\"widget\" data-e-type=\"widget\" data-widget_type=\"icon-box.default\">\n\t\t\t\t\t\t\t<div class=\"elementor-icon-box-wrapper\">\n\n\t\t\t\n\t\t\t\t\t\t<div class=\"elementor-icon-box-content\">\n\n\t\t\t\t\t\t\t\t\t<h3 class=\"elementor-icon-box-title\">\n\t\t\t\t\t\t<a href=\"https:\/\/www.tragycom.com\/los-despiertos\/\" target=\"_blank\" rel=\"noopener\">\n\t\t\t\t\t\t\t\u201cAlberto Berzal, Israel Fr\u00edas y Luis Rallo, cada uno desde su registro y experiencia, encarnan eficazmente estos tres personajes de dif\u00edcil integraci\u00f3n en un mundo convencional. Sus papeles son exigentes y los desarrollan con solvencia.\u201d\t\t\t\t\t\t<\/a>\n\t\t\t\t\t<\/h3>\n\t\t\t\t\n\t\t\t\t\t\t\t\t\t<p class=\"elementor-icon-box-description\">\n\t\t\t\t\t\t(tragycom.com)\t\t\t\t\t<\/p>\n\t\t\t\t\n\t\t\t<\/div>\n\t\t\t\n\t\t<\/div>\n\t\t\t\t\t\t<\/div>\n\t\t\t\t<div class=\"elementor-element elementor-element-e78da59 elementor-widget elementor-widget-icon-box\" data-id=\"e78da59\" data-element_type=\"widget\" data-e-type=\"widget\" data-widget_type=\"icon-box.default\">\n\t\t\t\t\t\t\t<div class=\"elementor-icon-box-wrapper\">\n\n\t\t\t\n\t\t\t\t\t\t<div class=\"elementor-icon-box-content\">\n\n\t\t\t\t\t\t\t\t\t<h3 class=\"elementor-icon-box-title\">\n\t\t\t\t\t\t<a href=\"https:\/\/www.vistateatral.com\/2022\/03\/teatro-los-despiertos-teatro-del-barrio.html?m=1\" target=\"_blank\" rel=\"noopener\">\n\t\t\t\t\t\t\t\u201cLuis Rallo nos regala un Mediano fr\u00e1gil, delicado, inocente, Israel Fr\u00edas nos muestra a un hilarante Finito, lleno de vitalidad y mala leche,Alberto Berzal, que da vida a un pacato Grande, un personaje misterioso y taciturno\u201d\t\t\t\t\t\t<\/a>\n\t\t\t\t\t<\/h3>\n\t\t\t\t\n\t\t\t\t\t\t\t\t\t<p class=\"elementor-icon-box-description\">\n\t\t\t\t\t\tVistateatral\t\t\t\t\t<\/p>\n\t\t\t\t\n\t\t\t<\/div>\n\t\t\t\n\t\t<\/div>\n\t\t\t\t\t\t<\/div>\n\t\t\t\t<\/div>\n\t\t\t\t\t<\/div>\n\t\t\t\t<\/div>\n\t\t<div class=\"elementor-element elementor-element-13ee15d e-flex e-con-boxed e-con e-parent\" data-id=\"13ee15d\" data-element_type=\"container\" data-e-type=\"container\">\n\t\t\t\t\t<div class=\"e-con-inner\">\n\t\t<div class=\"elementor-element elementor-element-04edd15 e-grid e-con-full e-con e-child\" data-id=\"04edd15\" data-element_type=\"container\" data-e-type=\"container\">\n\t\t\t\t<\/div>\n\t\t\t\t\t<\/div>\n\t\t\t\t<\/div>\n\t\t\t\t<\/div>\n\t\t","protected":false},"excerpt":{"rendered":"<p>la cr\u00edtica ha dicho&#8230; \u201cLa compa\u00f1\u00eda que est\u00e1 formada por tres actores que pidieron a Rosal que les escribiera este texto, se entrega por completo al universo del autor y es un disfrute verlos trabajar\u201d Pablo Caruana H\u00fader(elDiario.es) \u201cTres int\u00e9rpretes h\u00e1biles, sutiles, finos, capaces de manera individual. Unidos, compenetrados, c\u00f3mplices y perfectamente fusionado como conjunto. [&hellip;]<\/p>\n","protected":false},"author":1,"featured_media":0,"parent":0,"menu_order":0,"comment_status":"closed","ping_status":"closed","template":"","meta":{"footnotes":""},"class_list":["post-683","page","type-page","status-publish","hentry"],"_links":{"self":[{"href":"https:\/\/despiertosproducciones.com\/index.php\/wp-json\/wp\/v2\/pages\/683","targetHints":{"allow":["GET"]}}],"collection":[{"href":"https:\/\/despiertosproducciones.com\/index.php\/wp-json\/wp\/v2\/pages"}],"about":[{"href":"https:\/\/despiertosproducciones.com\/index.php\/wp-json\/wp\/v2\/types\/page"}],"author":[{"embeddable":true,"href":"https:\/\/despiertosproducciones.com\/index.php\/wp-json\/wp\/v2\/users\/1"}],"replies":[{"embeddable":true,"href":"https:\/\/despiertosproducciones.com\/index.php\/wp-json\/wp\/v2\/comments?post=683"}],"version-history":[{"count":25,"href":"https:\/\/despiertosproducciones.com\/index.php\/wp-json\/wp\/v2\/pages\/683\/revisions"}],"predecessor-version":[{"id":719,"href":"https:\/\/despiertosproducciones.com\/index.php\/wp-json\/wp\/v2\/pages\/683\/revisions\/719"}],"wp:attachment":[{"href":"https:\/\/despiertosproducciones.com\/index.php\/wp-json\/wp\/v2\/media?parent=683"}],"curies":[{"name":"wp","href":"https:\/\/api.w.org\/{rel}","templated":true}]}}